{"id":5355,"date":"2026-01-16T22:58:57","date_gmt":"2026-01-16T21:58:57","guid":{"rendered":"https:\/\/obscura.ffabula.cz\/?page_id=5355"},"modified":"2026-01-27T14:13:04","modified_gmt":"2026-01-27T13:13:04","slug":"blog","status":"publish","type":"page","link":"https:\/\/obscura.ffabula.cz\/index.php\/o-obscure\/blog\/","title":{"rendered":"Blog"},"content":{"rendered":"\t\t<div data-elementor-type=\"wp-page\" data-elementor-id=\"5355\" class=\"elementor elementor-5355\">\n\t\t\t\t<div class=\"elementor-element elementor-element-ce8fcc0 e-flex e-con-boxed e-con e-parent\" data-id=\"ce8fcc0\" data-element_type=\"container\" data-e-type=\"container\">\n\t\t\t\t\t<div class=\"e-con-inner\">\n\t\t\t\t<div class=\"elementor-element elementor-element-711cd93 elementor-widget elementor-widget-spacer\" data-id=\"711cd93\" data-element_type=\"widget\" data-e-type=\"widget\" data-widget_type=\"spacer.default\">\n\t\t\t\t<div class=\"elementor-widget-container\">\n\t\t\t\t\t\t\t<div class=\"elementor-spacer\">\n\t\t\t<div class=\"elementor-spacer-inner\"><\/div>\n\t\t<\/div>\n\t\t\t\t\t\t<\/div>\n\t\t\t\t<\/div>\n\t\t\t\t\t<\/div>\n\t\t\t\t<\/div>\n\t\t<div class=\"elementor-element elementor-element-be98213 e-flex e-con-boxed e-con e-parent\" data-id=\"be98213\" data-element_type=\"container\" data-e-type=\"container\">\n\t\t\t\t\t<div class=\"e-con-inner\">\n\t\t<div class=\"elementor-element elementor-element-3a34f56 e-con-full e-flex e-con e-child\" data-id=\"3a34f56\" data-element_type=\"container\" data-e-type=\"container\">\n\t\t\t\t<div class=\"elementor-element elementor-element-2a1e725 elementor-widget elementor-widget-heading\" data-id=\"2a1e725\" data-element_type=\"widget\" data-e-type=\"widget\" data-widget_type=\"heading.default\">\n\t\t\t\t<div class=\"elementor-widget-container\">\n\t\t\t\t\t<h2 class=\"elementor-heading-title elementor-size-default\">BLOG<\/h2>\t\t\t\t<\/div>\n\t\t\t\t<\/div>\n\t\t\t\t<div class=\"elementor-element elementor-element-9913a03 elementor-widget-divider--view-line elementor-widget elementor-widget-divider\" data-id=\"9913a03\" data-element_type=\"widget\" data-e-type=\"widget\" data-widget_type=\"divider.default\">\n\t\t\t\t<div class=\"elementor-widget-container\">\n\t\t\t\t\t\t\t<div class=\"elementor-divider\">\n\t\t\t<span class=\"elementor-divider-separator\">\n\t\t\t\t\t\t<\/span>\n\t\t<\/div>\n\t\t\t\t\t\t<\/div>\n\t\t\t\t<\/div>\n\t\t\t\t<div class=\"elementor-element elementor-element-0eb1895 elementor-widget elementor-widget-text-editor\" data-id=\"0eb1895\" data-element_type=\"widget\" data-e-type=\"widget\" data-widget_type=\"text-editor.default\">\n\t\t\t\t<div class=\"elementor-widget-container\">\n\t\t\t\t\t\t\t\t\t<p>Na blogu naleznete aktuality ze sv\u011bta historie nebo p\u0159\u00edsp\u011bvky, kter\u00e9 se do ti\u0161t\u011bn\u00fdch \u010d\u00edsel neve\u0161ly.\u00a0<\/p>\t\t\t\t\t\t\t\t<\/div>\n\t\t\t\t<\/div>\n\t\t\t\t<\/div>\n\t\t\t\t\t<\/div>\n\t\t\t\t<\/div>\n\t\t<div class=\"elementor-element elementor-element-7494ea9 e-flex e-con-boxed e-con e-parent\" data-id=\"7494ea9\" data-element_type=\"container\" data-e-type=\"container\">\n\t\t\t\t\t<div class=\"e-con-inner\">\n\t\t\t\t<div class=\"elementor-element elementor-element-abcc46a tpg-wrapper-align-left meta-visibility-show section-title-style-style1 title_position_default title_hover_border_default title-default img_hover_animation_default meta_position_default tpg-category-position-default readmore-btn-default-style grid-hover-overlay-type-always tpg-el-box-border-enable tpg-border-bottom-disable elementor-widget elementor-widget-tpg-list-layout\" data-id=\"abcc46a\" data-element_type=\"widget\" data-e-type=\"widget\" data-widget_type=\"tpg-list-layout.default\">\n\t\t\t\t<div class=\"elementor-widget-container\">\n\t\t\t\t\t\n        <div class=\"rt-container-fluid rt-tpg-container tpg-el-main-wrapper list-layout1-main \"\n             data-sc-id=\"elementor\"\n             id=\"rt-tpg-container-2106533080\"\n             data-layout=\"list-layout1\"\n             data-grid-style=\"tpg-even\"\n             data-el-settings=''\n             data-el-query=''\n             data-el-path=''\n        >\n\t\t\t            <div class='tpg-header-wrapper '>\n\t\t\t\t\n        <div class=\"tpg-widget-heading-wrapper rt-clear heading-style1 \">\n            <span class=\"tpg-widget-heading-line line-left\"><\/span>\n            <h2 class='tpg-widget-heading'>\n            \n                                    <span>\n\t\t\t\t\t\tP\u0159\u00edsp\u011bvky\t\t\t\t\t<\/span>\n                    \n                            <\/h2>            <span class=\"tpg-widget-heading-line line-right\"><\/span>\n\n            \n        <\/div>\n\n        \n                    <\/div>\n\n            <div data-title=\"Loading ...\" class=\"rt-row rt-content-loader list-layout1 tpg-even list-behaviour list-layout-wrapper\">\n\t\t\t\t\n<div class=\"rt-col-md-12 rt-col-sm-12 rt-col-xs-12 default rt-list-item rt-grid-item\" data-id=\"5628\">\n\t<div class=\"rt-holder tpg-post-holder \">\n\t\t<div class=\"rt-detail rt-el-content-wrapper\">\n\t\t\t\t\t\t\t<div class=\"rt-img-holder tpg-el-image-wrap has-thumbnail\">\n\t\t\t\t\t<a data-id=\"5628\" href=\"https:\/\/obscura.ffabula.cz\/index.php\/2026\/01\/26\/o-kolonialismu-bez-kolonii-recenze-vystavy-nurnberg-global\/\" class=\"tpg-post-link\" target=\"_blank\"><img fetchpriority=\"high\" class='rt-img-responsive' src='https:\/\/obscura.ffabula.cz\/wp-content\/uploads\/2026\/01\/81Lq37eovHL._AC_UF8941000_QL80_.jpg' width=\"815\" height=\"1000\" alt='O kolonialismu bez koloni\u00ed. Recenze v\u00fdstavy N\u00fcrnberg GLOBAL, 1300-1600'>        \n        <\/a>\n                <div class=\"overlay grid-hover-content\"><\/div>\n        \t\t\t\t<\/div>\n\t\t\t\n\t\t\t<div class=\"post-right-content\">\n\t\t\t\t<div class=\"entry-title-wrapper\"><h3 class=\"entry-title\"><a data-id=\"5628\" href=\"https:\/\/obscura.ffabula.cz\/index.php\/2026\/01\/26\/o-kolonialismu-bez-kolonii-recenze-vystavy-nurnberg-global\/\" class=\"tpg-post-link\" target=\"_blank\">O kolonialismu bez koloni\u00ed. Recenze v\u00fdstavy N\u00fcrnberg GLOBAL, 1300-1600<\/a><\/h3><\/div>\n\t\t\t\t\t\t\t\t\t<div class=\"post-meta-tags rt-el-post-meta\">\n\t\t\t\t\t\t            <span class='categories-links'>\n\t\t\t\t<i class='flaticon-folder '><\/i><a class=\"kunst\" href=\"https:\/\/obscura.ffabula.cz\/index.php\/category\/kunst\/\">Kunst<\/a><span class=\"rt-separator\">,<\/span><a class=\"recenze\" href=\"https:\/\/obscura.ffabula.cz\/index.php\/category\/recenze\/\">Recenze<\/a>\t\t\t<\/span>\n            \t\t\t\t\t<\/div>\n\t\t\t\t\n\t\t\t\t\n\t\t\t\t        <div class=\"post-footer\">\n            <div class=\"post-footer\">\n                <div class=\"read-more\">\n                    <a data-id=\"5628\" href=\"https:\/\/obscura.ffabula.cz\/index.php\/2026\/01\/26\/o-kolonialismu-bez-kolonii-recenze-vystavy-nurnberg-global\/\" class=\"tpg-post-link\" target=\"_blank\">P\u0159e\u010d\u00edst <\/a>                <\/div>\n            <\/div>\n        <\/div>\n        \t\t\t<\/div>\n\t\t<\/div>\n\t<\/div>\n<\/div>\n\n<div class=\"rt-col-md-12 rt-col-sm-12 rt-col-xs-12 default rt-list-item rt-grid-item\" data-id=\"5381\">\n\t<div class=\"rt-holder tpg-post-holder \">\n\t\t<div class=\"rt-detail rt-el-content-wrapper\">\n\t\t\t\t\t\t\t<div class=\"rt-img-holder tpg-el-image-wrap has-thumbnail\">\n\t\t\t\t\t<a data-id=\"5381\" href=\"https:\/\/obscura.ffabula.cz\/index.php\/2025\/12\/16\/rozhovor-s-doc-matejem-spurnym\/\" class=\"tpg-post-link\" target=\"_blank\"><img class='rt-img-responsive' src='https:\/\/obscura.ffabula.cz\/wp-content\/uploads\/2025\/12\/Spurny_profilova-1398x1536-2-985x1024.jpeg' width=\"985\" height=\"1024\" alt='\u201eL\u00e1kala m\u011b mo\u017enost z\u00e1sadn\u00ed prom\u011bny.\u201c Rozhovor s doc. Mat\u011bjem Spurn\u00fdm o studiu historie, vzniku \u00dastavu historie FF UK a  budoucnosti oboru'>        \n        <\/a>\n                <div class=\"overlay grid-hover-content\"><\/div>\n        \t\t\t\t<\/div>\n\t\t\t\n\t\t\t<div class=\"post-right-content\">\n\t\t\t\t<div class=\"entry-title-wrapper\"><h3 class=\"entry-title\"><a data-id=\"5381\" href=\"https:\/\/obscura.ffabula.cz\/index.php\/2025\/12\/16\/rozhovor-s-doc-matejem-spurnym\/\" class=\"tpg-post-link\" target=\"_blank\">\u201eL\u00e1kala m\u011b mo\u017enost z\u00e1sadn\u00ed prom\u011bny.\u201c Rozhovor s doc. Mat\u011bjem Spurn\u00fdm o studiu historie, vzniku \u00dastavu historie FF UK a  budoucnosti oboru<\/a><\/h3><\/div>\n\t\t\t\t\t\t\t\t\t<div class=\"post-meta-tags rt-el-post-meta\">\n\t\t\t\t\t\t            <span class='categories-links'>\n\t\t\t\t<i class='flaticon-folder '><\/i><a class=\"blog-rozhovory\" href=\"https:\/\/obscura.ffabula.cz\/index.php\/category\/blog-rozhovory\/\">Rozhovory<\/a>\t\t\t<\/span>\n            \t\t\t\t\t<\/div>\n\t\t\t\t\n\t\t\t\t\n\t\t\t\t        <div class=\"post-footer\">\n            <div class=\"post-footer\">\n                <div class=\"read-more\">\n                    <a data-id=\"5381\" href=\"https:\/\/obscura.ffabula.cz\/index.php\/2025\/12\/16\/rozhovor-s-doc-matejem-spurnym\/\" class=\"tpg-post-link\" target=\"_blank\">P\u0159e\u010d\u00edst <\/a>                <\/div>\n            <\/div>\n        <\/div>\n        \t\t\t<\/div>\n\t\t<\/div>\n\t<\/div>\n<\/div>\n            <\/div>\n\n\t\t\t\n        <\/div>\n\t\t\t\t\t\t<\/div>\n\t\t\t\t<\/div>\n\t\t\t\t\t<\/div>\n\t\t\t\t<\/div>\n\t\t<div class=\"elementor-element elementor-element-b353928 e-flex e-con-boxed e-con e-parent\" data-id=\"b353928\" data-element_type=\"container\" data-e-type=\"container\">\n\t\t\t\t\t<div class=\"e-con-inner\">\n\t\t\t\t<div class=\"elementor-element elementor-element-8344966 elementor-widget elementor-widget-spacer\" data-id=\"8344966\" data-element_type=\"widget\" data-e-type=\"widget\" data-widget_type=\"spacer.default\">\n\t\t\t\t<div class=\"elementor-widget-container\">\n\t\t\t\t\t\t\t<div class=\"elementor-spacer\">\n\t\t\t<div class=\"elementor-spacer-inner\"><\/div>\n\t\t<\/div>\n\t\t\t\t\t\t<\/div>\n\t\t\t\t<\/div>\n\t\t\t\t\t<\/div>\n\t\t\t\t<\/div>\n\t\t\t\t<\/div>\n\t\t","protected":false},"excerpt":{"rendered":"<p>BLOG Na blogu naleznete aktuality ze sv\u011bta historie nebo p\u0159\u00edsp\u011bvky, kter\u00e9 se do ti\u0161t\u011bn\u00fdch \u010d\u00edsel neve\u0161ly.\u00a0 P\u0159\u00edsp\u011bvky O kolonialismu bez koloni\u00ed. Recenze v\u00fdstavy N\u00fcrnberg GLOBAL, 1300-1600 Kunst,Recenze P\u0159e\u010d\u00edst \u201eL\u00e1kala m\u011b mo\u017enost z\u00e1sadn\u00ed prom\u011bny.\u201c Rozhovor s doc. Mat\u011bjem Spurn\u00fdm o studiu historie, vzniku \u00dastavu historie FF UK a budoucnosti oboru Rozhovory P\u0159e\u010d\u00edst<\/p>\n","protected":false},"author":2,"featured_media":0,"parent":1897,"menu_order":0,"comment_status":"closed","ping_status":"closed","template":"","meta":{"site-sidebar-layout":"no-sidebar","site-content-layout":"page-builder","ast-site-content-layout":"full-width-container","site-content-style":"unboxed","site-sidebar-style":"unboxed","ast-global-header-display":"","ast-banner-title-visibility":"","ast-main-header-display":"","ast-hfb-above-header-display":"","ast-hfb-below-header-display":"","ast-hfb-mobile-header-display":"","site-post-title":"disabled","ast-breadcrumbs-content":"","ast-featured-img":"disabled","footer-sml-layout":"","theme-transparent-header-meta":"enabled","adv-header-id-meta":"","stick-header-meta":"","header-above-stick-meta":"","header-main-stick-meta":"","header-below-stick-meta":"","astra-migrate-meta-layouts":"set","ast-page-background-enabled":"default","ast-page-background-meta":{"desktop":{"background-color":"var(--ast-global-color-4)","background-image":"","background-repeat":"repeat","background-position":"center center","background-size":"auto","background-attachment":"scroll","background-type":"","background-media":"","overlay-type":"","overlay-color":"","overlay-gradient":""},"tablet":{"background-color":"","background-image":"","background-repeat":"repeat","background-position":"center center","background-size":"auto","background-attachment":"scroll","background-type":"","background-media":"","overlay-type":"","overlay-color":"","overlay-gradient":""},"mobile":{"background-color":"","background-image":"","background-repeat":"repeat","background-position":"center center","background-size":"auto","background-attachment":"scroll","background-type":"","background-media":"","overlay-type":"","overlay-color":"","overlay-gradient":""}},"ast-content-background-meta":{"desktop":{"background-color":"var(--ast-global-color-5)","background-image":"","background-repeat":"repeat","background-position":"center center","background-size":"auto","background-attachment":"scroll","background-type":"","background-media":"","overlay-type":"","overlay-color":"","overlay-gradient":""},"tablet":{"background-color":"var(--ast-global-color-5)","background-image":"","background-repeat":"repeat","background-position":"center center","background-size":"auto","background-attachment":"scroll","background-type":"","background-media":"","overlay-type":"","overlay-color":"","overlay-gradient":""},"mobile":{"background-color":"var(--ast-global-color-5)","background-image":"","background-repeat":"repeat","background-position":"center center","background-size":"auto","background-attachment":"scroll","background-type":"","background-media":"","overlay-type":"","overlay-color":"","overlay-gradient":""}},"footnotes":""},"class_list":["post-5355","page","type-page","status-publish","hentry"],"rttpg_featured_image_url":null,"rttpg_author":{"display_name":"Obscura","author_link":"https:\/\/obscura.ffabula.cz\/index.php\/author\/obscura\/"},"rttpg_comment":0,"rttpg_category":"","rttpg_excerpt":"BLOG Na blogu naleznete aktuality ze sv\u011bta historie nebo p\u0159\u00edsp\u011bvky, kter\u00e9 se do ti\u0161t\u011bn\u00fdch \u010d\u00edsel neve\u0161ly.\u00a0 P\u0159\u00edsp\u011bvky O kolonialismu bez koloni\u00ed. Recenze v\u00fdstavy N\u00fcrnberg GLOBAL, 1300-1600 Kunst,Recenze P\u0159e\u010d\u00edst \u201eL\u00e1kala m\u011b mo\u017enost z\u00e1sadn\u00ed prom\u011bny.\u201c Rozhovor s doc. Mat\u011bjem Spurn\u00fdm o studiu historie, vzniku \u00dastavu historie FF UK a budoucnosti oboru Rozhovory P\u0159e\u010d\u00edst","_links":{"self":[{"href":"https:\/\/obscura.ffabula.cz\/index.php\/wp-json\/wp\/v2\/pages\/5355","targetHints":{"allow":["GET"]}}],"collection":[{"href":"https:\/\/obscura.ffabula.cz\/index.php\/wp-json\/wp\/v2\/pages"}],"about":[{"href":"https:\/\/obscura.ffabula.cz\/index.php\/wp-json\/wp\/v2\/types\/page"}],"author":[{"embeddable":true,"href":"https:\/\/obscura.ffabula.cz\/index.php\/wp-json\/wp\/v2\/users\/2"}],"replies":[{"embeddable":true,"href":"https:\/\/obscura.ffabula.cz\/index.php\/wp-json\/wp\/v2\/comments?post=5355"}],"version-history":[{"count":46,"href":"https:\/\/obscura.ffabula.cz\/index.php\/wp-json\/wp\/v2\/pages\/5355\/revisions"}],"predecessor-version":[{"id":5733,"href":"https:\/\/obscura.ffabula.cz\/index.php\/wp-json\/wp\/v2\/pages\/5355\/revisions\/5733"}],"up":[{"embeddable":true,"href":"https:\/\/obscura.ffabula.cz\/index.php\/wp-json\/wp\/v2\/pages\/1897"}],"wp:attachment":[{"href":"https:\/\/obscura.ffabula.cz\/index.php\/wp-json\/wp\/v2\/media?parent=5355"}],"curies":[{"name":"wp","href":"https:\/\/api.w.org\/{rel}","templated":true}]}}