{"id":1897,"date":"2023-11-12T15:51:44","date_gmt":"2023-11-12T14:51:44","guid":{"rendered":"https:\/\/obscura.ffabula.cz\/?page_id=1897"},"modified":"2023-11-12T20:13:08","modified_gmt":"2023-11-12T19:13:08","slug":"o-obscure","status":"publish","type":"page","link":"https:\/\/obscura.ffabula.cz\/index.php\/o-obscure\/","title":{"rendered":"O Obscu\u0159e"},"content":{"rendered":"\t\t<div data-elementor-type=\"wp-page\" data-elementor-id=\"1897\" class=\"elementor elementor-1897\">\n\t\t\t\t\t\t<section class=\"elementor-section elementor-top-section elementor-element elementor-element-81e2c1b elementor-section-height-min-height elementor-section-boxed elementor-section-height-default elementor-section-items-middle\" data-id=\"81e2c1b\" data-element_type=\"section\" data-e-type=\"section\" data-settings=\"{&quot;background_background&quot;:&quot;classic&quot;}\">\n\t\t\t\t\t\t<div class=\"elementor-container elementor-column-gap-default\">\n\t\t\t\t\t<div class=\"elementor-column elementor-col-100 elementor-top-column elementor-element elementor-element-51920c1\" data-id=\"51920c1\" data-element_type=\"column\" data-e-type=\"column\">\n\t\t\t<div class=\"elementor-widget-wrap elementor-element-populated\">\n\t\t\t\t\t\t<div class=\"elementor-element elementor-element-ebcecc7 elementor-widget elementor-widget-heading\" data-id=\"ebcecc7\" data-element_type=\"widget\" data-e-type=\"widget\" data-widget_type=\"heading.default\">\n\t\t\t\t<div class=\"elementor-widget-container\">\n\t\t\t\t\t<h1 class=\"elementor-heading-title elementor-size-default\">O Obscu\u0159e<\/h1>\t\t\t\t<\/div>\n\t\t\t\t<\/div>\n\t\t\t\t\t<\/div>\n\t\t<\/div>\n\t\t\t\t\t<\/div>\n\t\t<\/section>\n\t\t<div class=\"elementor-element elementor-element-def1c22 e-flex e-con-boxed e-con e-parent\" data-id=\"def1c22\" data-element_type=\"container\" data-e-type=\"container\">\n\t\t\t\t\t<div class=\"e-con-inner\">\n\t\t\t\t<div class=\"elementor-element elementor-element-6c8dda1 elementor-widget elementor-widget-spacer\" data-id=\"6c8dda1\" data-element_type=\"widget\" data-e-type=\"widget\" data-widget_type=\"spacer.default\">\n\t\t\t\t<div class=\"elementor-widget-container\">\n\t\t\t\t\t\t\t<div class=\"elementor-spacer\">\n\t\t\t<div class=\"elementor-spacer-inner\"><\/div>\n\t\t<\/div>\n\t\t\t\t\t\t<\/div>\n\t\t\t\t<\/div>\n\t\t\t\t\t<\/div>\n\t\t\t\t<\/div>\n\t\t<div class=\"elementor-element elementor-element-72ad152 e-flex e-con-boxed e-con e-parent\" data-id=\"72ad152\" data-element_type=\"container\" data-e-type=\"container\">\n\t\t\t\t\t<div class=\"e-con-inner\">\n\t\t\t\t<div class=\"elementor-element elementor-element-9164cb9 elementor-widget elementor-widget-text-editor\" data-id=\"9164cb9\" data-element_type=\"widget\" data-e-type=\"widget\" data-widget_type=\"text-editor.default\">\n\t\t\t\t<div class=\"elementor-widget-container\">\n\t\t\t\t\t\t\t\t\t<p>Studentsk\u00fd \u010dasopis Obscura je periodikem, je\u017e od roku 2014 vych\u00e1z\u00ed pod z\u00e1\u0161titou\u00a0<a href=\"https:\/\/ffabula.cz\/\" target=\"_blank\" rel=\"noopener\">Spolku student\u016f historie FF UK<\/a>, mezi jeho\u017e dlouholet\u00e9 projekty pat\u0159\u00ed. \u010casopis se zam\u011b\u0159uje na vyd\u00e1v\u00e1n\u00ed p\u0159\u00edsp\u011bvk\u016f s historickou tematikou a klade si za c\u00edl slou\u017eit mlad\u00fdm akademik\u016fm a akademi\u010dk\u00e1m jako zprost\u0159edkovatel jejich prvn\u00ed publika\u010dn\u00ed zku\u0161enosti.\u00a0<span style=\"font-style: inherit; font-weight: inherit; text-align: var(--text-align); background-color: var(--ast-global-color-5); color: var(--ast-global-color-3);\">Obscura je spravov\u00e1na redakc\u00ed slou\u017eenou ze studuj\u00edc\u00edch historick\u00fdch i p\u0159\u00edbuzn\u00fdch obor\u016f, je\u017e jsou vyu\u010dov\u00e1ny na Filozofick\u00e9 fakult\u011b Univerzity Karlovy.\u00a0<\/span><\/p>\t\t\t\t\t\t\t\t<\/div>\n\t\t\t\t<\/div>\n\t\t\t\t\t<\/div>\n\t\t\t\t<\/div>\n\t\t<div class=\"elementor-element elementor-element-0094777 e-flex e-con-boxed e-con e-parent\" data-id=\"0094777\" data-element_type=\"container\" data-e-type=\"container\">\n\t\t\t\t\t<div class=\"e-con-inner\">\n\t\t\t\t<div class=\"elementor-element elementor-element-a6c5e51 elementor-widget elementor-widget-spacer\" data-id=\"a6c5e51\" data-element_type=\"widget\" data-e-type=\"widget\" data-widget_type=\"spacer.default\">\n\t\t\t\t<div class=\"elementor-widget-container\">\n\t\t\t\t\t\t\t<div class=\"elementor-spacer\">\n\t\t\t<div class=\"elementor-spacer-inner\"><\/div>\n\t\t<\/div>\n\t\t\t\t\t\t<\/div>\n\t\t\t\t<\/div>\n\t\t\t\t\t<\/div>\n\t\t\t\t<\/div>\n\t\t<div class=\"elementor-element elementor-element-7f9185a e-flex e-con-boxed e-con e-parent\" data-id=\"7f9185a\" data-element_type=\"container\" data-e-type=\"container\">\n\t\t\t\t\t<div class=\"e-con-inner\">\n\t\t<div class=\"elementor-element elementor-element-498f799 e-con-full e-flex e-con e-child\" data-id=\"498f799\" data-element_type=\"container\" data-e-type=\"container\">\n\t\t\t\t<div class=\"elementor-element elementor-element-d7d120a elementor-widget elementor-widget-heading\" data-id=\"d7d120a\" data-element_type=\"widget\" data-e-type=\"widget\" data-widget_type=\"heading.default\">\n\t\t\t\t<div class=\"elementor-widget-container\">\n\t\t\t\t\t<h3 class=\"elementor-heading-title elementor-size-default\">Pro\u010d pr\u00e1v\u011b \"Obscura\"?<\/h3>\t\t\t\t<\/div>\n\t\t\t\t<\/div>\n\t\t\t\t<div class=\"elementor-element elementor-element-2490143 elementor-widget elementor-widget-text-editor\" data-id=\"2490143\" data-element_type=\"widget\" data-e-type=\"widget\" data-widget_type=\"text-editor.default\">\n\t\t\t\t<div class=\"elementor-widget-container\">\n\t\t\t\t\t\t\t\t\t<p>N\u00e1\u0161 \u010dasopis se p\u0159i sv\u00e9m vzniku inspiroval starobyl\u00fdm optick\u00fdm p\u0159\u00edstrojem naz\u00fdvan\u00fdm <strong>camera obscura<\/strong> neboli temn\u00e1 komora. Zm\u00edn\u011bn\u00e9 za\u0159\u00edzen\u00ed se u\u017e\u00edv\u00e1 k prom\u00edt\u00e1n\u00ed obrazu, kter\u00fd v\u0161ak nen\u00ed nikdy zcela v\u011bren sn\u00edman\u00e9mu objektu, ale je v\u017edy zmen\u0161en\u00fd a p\u0159evr\u00e1cen\u00fd. Proces prom\u00edt\u00e1n\u00ed se v mnoh\u00e9m podob\u00e1 historick\u00e9mu b\u00e1d\u00e1n\u00ed, nebo\u0165 ani historie (obraz) nen\u00ed naprosto shodn\u00e1 s minulost\u00ed (sn\u00edman\u00fdm objektem) \u2013 tedy t\u00edm, co se skute\u010dn\u011b odehr\u00e1lo. P\u0159esto nemo\u017enost p\u0159esn\u00e9ho zachycen\u00ed minulosti n\u00e1s nesm\u00ed p\u0159im\u011bt k rezignaci na jej\u00ed pozn\u00e1n\u00ed, ale m\u011bla by n\u00e1s v\u00e9st k poko\u0159e (k uv\u011bdom\u011bn\u00ed si na\u0161ich chyb a prefigurac\u00ed), je\u017e m\u016f\u017ee p\u0159isp\u011bt k hlub\u0161\u00edmu porozum\u011bn\u00ed.<\/p>\t\t\t\t\t\t\t\t<\/div>\n\t\t\t\t<\/div>\n\t\t\t\t<\/div>\n\t\t<div class=\"elementor-element elementor-element-f7803b8 e-con-full e-flex e-con e-child\" data-id=\"f7803b8\" data-element_type=\"container\" data-e-type=\"container\">\n\t\t\t\t<div class=\"elementor-element elementor-element-ef08847 elementor-widget elementor-widget-image\" data-id=\"ef08847\" data-element_type=\"widget\" data-e-type=\"widget\" data-widget_type=\"image.default\">\n\t\t\t\t<div class=\"elementor-widget-container\">\n\t\t\t\t\t\t\t\t\t\t\t\t\t\t\t<img fetchpriority=\"high\" decoding=\"async\" width=\"861\" height=\"1000\" src=\"https:\/\/obscura.ffabula.cz\/wp-content\/uploads\/2023\/11\/Untitled-design-24-e1699799076783.png\" class=\"attachment-large size-large wp-image-1855\" alt=\"\" srcset=\"https:\/\/obscura.ffabula.cz\/wp-content\/uploads\/2023\/11\/Untitled-design-24-e1699799076783.png 861w, https:\/\/obscura.ffabula.cz\/wp-content\/uploads\/2023\/11\/Untitled-design-24-e1699799076783-258x300.png 258w, https:\/\/obscura.ffabula.cz\/wp-content\/uploads\/2023\/11\/Untitled-design-24-e1699799076783-768x892.png 768w\" sizes=\"(max-width: 861px) 100vw, 861px\" \/>\t\t\t\t\t\t\t\t\t\t\t\t\t\t\t<\/div>\n\t\t\t\t<\/div>\n\t\t\t\t<\/div>\n\t\t\t\t\t<\/div>\n\t\t\t\t<\/div>\n\t\t<div class=\"elementor-element elementor-element-48ed907 e-flex e-con-boxed e-con e-parent\" data-id=\"48ed907\" data-element_type=\"container\" data-e-type=\"container\">\n\t\t\t\t\t<div class=\"e-con-inner\">\n\t\t\t\t<div class=\"elementor-element elementor-element-ed5e1f9 elementor-widget elementor-widget-text-editor\" data-id=\"ed5e1f9\" data-element_type=\"widget\" data-e-type=\"widget\" data-widget_type=\"text-editor.default\">\n\t\t\t\t<div class=\"elementor-widget-container\">\n\t\t\t\t\t\t\t\t\t<p>\u00a0<\/p><p>V tomto p\u0159enesen\u00e9m v\u00fdznamu p\u0159edstavuje n\u00e1\u0161 \u010dasopis jakousi cameru obscuru, kter\u00e1 sn\u00edm\u00e1 historii na univerzit\u011b a svou \u010do\u010dku zaost\u0159uje konkr\u00e9tn\u011b na to, co znamen\u00e1 historie z pohledu n\u00e1s, studuj\u00edc\u00edch. Jak\u00e1 t\u00e9mata n\u00e1s p\u0159itahuj\u00ed? Nad jak\u00fdmi bychom r\u00e1di diskutovali? Co pova\u017eujeme za sou\u010dasn\u00e9 probl\u00e9my historie i historiografie?<\/p><p>\u00a0<\/p><p>St\u011b\u017eejn\u00ed \u010d\u00e1st \u010dasopisu budou v\u017edy zauj\u00edmat \u010dl\u00e1nky studuj\u00edc\u00edch, kte\u0159\u00ed t\u00edmto budou rozhodovat, na jak\u00e9 objekty se bude \u010do\u010dka Obscury zam\u011b\u0159ovat. Vedle va\u0161ich p\u0159\u00edsp\u011bvk\u016f s historickou tematikou se budou pravideln\u011b objevovat rubriky zaji\u0161\u0165ovan\u00e9 redakc\u00ed. Sv\u00e9 m\u00edsto si mezi st\u00e1l\u00fdmi rubrikami ji\u017e vydobyly \u201etahouni historiografie,\u201c v nich\u017e n\u00e1s n\u00e1\u0161 extern\u00ed spolupracovn\u00edci seznamuj\u00ed s klasick\u00fdmi d\u00edly historie, \u201ekunst\u201c zam\u011b\u0159uj\u00edc\u00ed se pov\u011bt\u0161inou na anga\u017eovan\u00e9 um\u011bn\u00ed a \u201eanketa\u201c s odborn\u00edky, kter\u00e1 bl\u00ed\u017ee ohled\u00e1v\u00e1 ur\u010dit\u00fd pojem \u010di se zab\u00fdv\u00e1 o\u017eehavou problematikou. Od \u010dtvrt\u00e9ho \u010d\u00edsla si na str\u00e1nk\u00e1ch rovn\u011b\u017e p\u0159\u00edle\u017eitostn\u011b vytv\u00e1\u0159\u00ed sv\u016fj prostor kategorie \u201erozhovory s \u010desk\u00fdmi studenty historie na Erasmu\u201c a \u201eud\u00e1lost na fakult\u011b,\u201c v n\u00ed\u017e se hloub\u011bji pojedn\u00e1v\u00e1 o akc\u00edch, kter\u00e9 prob\u011bhly b\u011bhem semestru.<\/p>\t\t\t\t\t\t\t\t<\/div>\n\t\t\t\t<\/div>\n\t\t\t\t\t<\/div>\n\t\t\t\t<\/div>\n\t\t<div class=\"elementor-element elementor-element-0ec577a e-flex e-con-boxed e-con e-parent\" data-id=\"0ec577a\" data-element_type=\"container\" data-e-type=\"container\">\n\t\t\t\t\t<div class=\"e-con-inner\">\n\t\t\t\t<div class=\"elementor-element elementor-element-be0e30c elementor-widget elementor-widget-spacer\" data-id=\"be0e30c\" data-element_type=\"widget\" data-e-type=\"widget\" data-widget_type=\"spacer.default\">\n\t\t\t\t<div class=\"elementor-widget-container\">\n\t\t\t\t\t\t\t<div class=\"elementor-spacer\">\n\t\t\t<div class=\"elementor-spacer-inner\"><\/div>\n\t\t<\/div>\n\t\t\t\t\t\t<\/div>\n\t\t\t\t<\/div>\n\t\t\t\t\t<\/div>\n\t\t\t\t<\/div>\n\t\t<div class=\"elementor-element elementor-element-90f631b e-flex e-con-boxed e-con e-parent\" data-id=\"90f631b\" data-element_type=\"container\" data-e-type=\"container\">\n\t\t\t\t\t<div class=\"e-con-inner\">\n\t\t\t\t<div class=\"elementor-element elementor-element-ed03039 elementor-widget elementor-widget-heading\" data-id=\"ed03039\" data-element_type=\"widget\" data-e-type=\"widget\" data-widget_type=\"heading.default\">\n\t\t\t\t<div class=\"elementor-widget-container\">\n\t\t\t\t\t<h3 class=\"elementor-heading-title elementor-size-default\">Kde je mo\u017en\u00e9 Obscuru dostat?<\/h3>\t\t\t\t<\/div>\n\t\t\t\t<\/div>\n\t\t\t\t<div class=\"elementor-element elementor-element-5b9d364 elementor-widget elementor-widget-text-editor\" data-id=\"5b9d364\" data-element_type=\"widget\" data-e-type=\"widget\" data-widget_type=\"text-editor.default\">\n\t\t\t\t<div class=\"elementor-widget-container\">\n\t\t\t\t\t\t\t\t\t<p>V\u0161echna \u010d\u00edsla, je\u017e vy\u0161la od roku 2014, je mo\u017en\u00e9 voln\u011b prohl\u00ed\u017eet v <a href=\"https:\/\/issuu.com\/ffabula\" target=\"_blank\" rel=\"noopener\">online datab\u00e1zi Issuu<\/a>. Aktu\u00e1ln\u00ed \u010d\u00edslo v ti\u0161t\u011bn\u00e9 podob\u011b je v\u017edy mo\u017en\u00e9 z\u00edskat&nbsp;<a href=\"https:\/\/knihovna.ff.cuni.cz\/o-nas\/seznam-dilcich-knihoven\/hlavni-budova-ff-uk-nam-jana-palacha-2\/historicky-kabinet\/\" target=\"_blank\" rel=\"noopener\">u v\u00fdp\u016fj\u010dn\u00edho pultu Historick\u00e9ho kabinetu<\/a>&nbsp;na hlavn\u00ed budov\u011b FF UK. Ve\u0161ker\u00e1 ti\u0161t\u011bn\u00e1 \u010d\u00edsla jsou k dispozici <a href=\"https:\/\/knihovna.ff.cuni.cz\/o-nas\/seznam-dilcich-knihoven\/hlavni-budova-ff-uk-nam-jana-palacha-2\/knihovna-jana-palacha\/\" target=\"_blank\" rel=\"noopener\">ve fondech Knihovny Jana Palacha<\/a>, je\u017e se nach\u00e1z\u00ed takt\u00e9\u017e na hlavn\u00ed budov\u011b FF UK, v\u00fdb\u011br nejnov\u011bj\u0161\u00edch \u010d\u00edsel je pak k dost\u00e1n\u00ed na vybran\u00fdch&nbsp;<a href=\"https:\/\/www.facebook.com\/FFabula\/events\/?id=100049008596546&amp;sk=events\" target=\"_blank\" rel=\"noopener\">akc\u00edch Spolku student\u016f historie FF UK<\/a>. M\u00e1te-li z\u00e1jem o zasl\u00e1n\u00ed ti\u0161t\u011bn\u00e9ho exempl\u00e1\u0159e \u010dasopisu po\u0161tou, obra\u0165te se na e-mail obscura@ffabula.cz a my v\u00e1m velmi r\u00e1di vyhov\u00edme.&nbsp;<\/p>\t\t\t\t\t\t\t\t<\/div>\n\t\t\t\t<\/div>\n\t\t\t\t\t<\/div>\n\t\t\t\t<\/div>\n\t\t<div class=\"elementor-element elementor-element-14cccba e-flex e-con-boxed e-con e-parent\" data-id=\"14cccba\" data-element_type=\"container\" data-e-type=\"container\">\n\t\t\t\t\t<div class=\"e-con-inner\">\n\t\t\t\t<div class=\"elementor-element elementor-element-3c803f2 elementor-widget elementor-widget-spacer\" data-id=\"3c803f2\" data-element_type=\"widget\" data-e-type=\"widget\" data-widget_type=\"spacer.default\">\n\t\t\t\t<div class=\"elementor-widget-container\">\n\t\t\t\t\t\t\t<div class=\"elementor-spacer\">\n\t\t\t<div class=\"elementor-spacer-inner\"><\/div>\n\t\t<\/div>\n\t\t\t\t\t\t<\/div>\n\t\t\t\t<\/div>\n\t\t\t\t\t<\/div>\n\t\t\t\t<\/div>\n\t\t\t\t<\/div>\n\t\t","protected":false},"excerpt":{"rendered":"<p>O Obscu\u0159e Studentsk\u00fd \u010dasopis Obscura je periodikem, je\u017e od roku 2014 vych\u00e1z\u00ed pod z\u00e1\u0161titou\u00a0Spolku student\u016f historie FF UK, mezi jeho\u017e dlouholet\u00e9 projekty pat\u0159\u00ed. \u010casopis se zam\u011b\u0159uje na vyd\u00e1v\u00e1n\u00ed p\u0159\u00edsp\u011bvk\u016f s historickou tematikou a klade si za c\u00edl slou\u017eit mlad\u00fdm akademik\u016fm a akademi\u010dk\u00e1m jako zprost\u0159edkovatel jejich prvn\u00ed publika\u010dn\u00ed zku\u0161enosti.\u00a0Obscura je spravov\u00e1na redakc\u00ed slou\u017eenou ze studuj\u00edc\u00edch historick\u00fdch [&hellip;]<\/p>\n","protected":false},"author":2,"featured_media":0,"parent":0,"menu_order":0,"comment_status":"closed","ping_status":"closed","template":"","meta":{"site-sidebar-layout":"no-sidebar","site-content-layout":"page-builder","ast-site-content-layout":"full-width-container","site-content-style":"unboxed","site-sidebar-style":"unboxed","ast-global-header-display":"","ast-banner-title-visibility":"","ast-main-header-display":"","ast-hfb-above-header-display":"","ast-hfb-below-header-display":"","ast-hfb-mobile-header-display":"","site-post-title":"disabled","ast-breadcrumbs-content":"","ast-featured-img":"disabled","footer-sml-layout":"","theme-transparent-header-meta":"enabled","adv-header-id-meta":"","stick-header-meta":"","header-above-stick-meta":"","header-main-stick-meta":"","header-below-stick-meta":"","astra-migrate-meta-layouts":"set","ast-page-background-enabled":"default","ast-page-background-meta":{"desktop":{"background-color":"var(--ast-global-color-4)","background-image":"","background-repeat":"repeat","background-position":"center center","background-size":"auto","background-attachment":"scroll","background-type":"","background-media":"","overlay-type":"","overlay-color":"","overlay-gradient":""},"tablet":{"background-color":"","background-image":"","background-repeat":"repeat","background-position":"center center","background-size":"auto","background-attachment":"scroll","background-type":"","background-media":"","overlay-type":"","overlay-color":"","overlay-gradient":""},"mobile":{"background-color":"","background-image":"","background-repeat":"repeat","background-position":"center center","background-size":"auto","background-attachment":"scroll","background-type":"","background-media":"","overlay-type":"","overlay-color":"","overlay-gradient":""}},"ast-content-background-meta":{"desktop":{"background-color":"var(--ast-global-color-5)","background-image":"","background-repeat":"repeat","background-position":"center center","background-size":"auto","background-attachment":"scroll","background-type":"","background-media":"","overlay-type":"","overlay-color":"","overlay-gradient":""},"tablet":{"background-color":"var(--ast-global-color-5)","background-image":"","background-repeat":"repeat","background-position":"center center","background-size":"auto","background-attachment":"scroll","background-type":"","background-media":"","overlay-type":"","overlay-color":"","overlay-gradient":""},"mobile":{"background-color":"var(--ast-global-color-5)","background-image":"","background-repeat":"repeat","background-position":"center center","background-size":"auto","background-attachment":"scroll","background-type":"","background-media":"","overlay-type":"","overlay-color":"","overlay-gradient":""}},"footnotes":""},"class_list":["post-1897","page","type-page","status-publish","hentry"],"rttpg_featured_image_url":null,"rttpg_author":{"display_name":"Obscura","author_link":"https:\/\/obscura.ffabula.cz\/index.php\/author\/obscura\/"},"rttpg_comment":0,"rttpg_category":" <a href=\"https:\/\/obscura.ffabula.cz\/\" rel=\"tag\">\u010ce\u0161tina<\/a>","rttpg_excerpt":"O Obscu\u0159e Studentsk\u00fd \u010dasopis Obscura je periodikem, je\u017e od roku 2014 vych\u00e1z\u00ed pod z\u00e1\u0161titou\u00a0Spolku student\u016f historie FF UK, mezi jeho\u017e dlouholet\u00e9 projekty pat\u0159\u00ed. \u010casopis se zam\u011b\u0159uje na vyd\u00e1v\u00e1n\u00ed p\u0159\u00edsp\u011bvk\u016f s historickou tematikou a klade si za c\u00edl slou\u017eit mlad\u00fdm akademik\u016fm a akademi\u010dk\u00e1m jako zprost\u0159edkovatel jejich prvn\u00ed publika\u010dn\u00ed zku\u0161enosti.\u00a0Obscura je spravov\u00e1na redakc\u00ed slou\u017eenou ze studuj\u00edc\u00edch historick\u00fdch&hellip;","_links":{"self":[{"href":"https:\/\/obscura.ffabula.cz\/index.php\/wp-json\/wp\/v2\/pages\/1897","targetHints":{"allow":["GET"]}}],"collection":[{"href":"https:\/\/obscura.ffabula.cz\/index.php\/wp-json\/wp\/v2\/pages"}],"about":[{"href":"https:\/\/obscura.ffabula.cz\/index.php\/wp-json\/wp\/v2\/types\/page"}],"author":[{"embeddable":true,"href":"https:\/\/obscura.ffabula.cz\/index.php\/wp-json\/wp\/v2\/users\/2"}],"replies":[{"embeddable":true,"href":"https:\/\/obscura.ffabula.cz\/index.php\/wp-json\/wp\/v2\/comments?post=1897"}],"version-history":[{"count":97,"href":"https:\/\/obscura.ffabula.cz\/index.php\/wp-json\/wp\/v2\/pages\/1897\/revisions"}],"predecessor-version":[{"id":2128,"href":"https:\/\/obscura.ffabula.cz\/index.php\/wp-json\/wp\/v2\/pages\/1897\/revisions\/2128"}],"wp:attachment":[{"href":"https:\/\/obscura.ffabula.cz\/index.php\/wp-json\/wp\/v2\/media?parent=1897"}],"curies":[{"name":"wp","href":"https:\/\/api.w.org\/{rel}","templated":true}]}}